{"id":2,"date":"2024-03-04T12:40:43","date_gmt":"2024-03-04T11:40:43","guid":{"rendered":"https:\/\/lecloszinou.fr\/?page_id=2"},"modified":"2024-07-16T09:50:00","modified_gmt":"2024-07-16T07:50:00","slug":"page-d-exemple","status":"publish","type":"page","link":"https:\/\/lecloszinou.fr\/index.php\/page-d-exemple\/","title":{"rendered":"Qui sommes-nous ?"},"content":{"rendered":"\n<blockquote class=\"wp-block-quote is-layout-flow wp-block-quote-is-layout-flow\">\n<p>Situ\u00e9 \u00e0 Lambesc, l&rsquo;\u00e9tablissement Le Clos Zinou propose un h\u00e9bergement avec une grande piscine (0,77m \u00e0 1.95m).&rsquo;Une connexion Wi-Fi et un parking priv\u00e9 gratuits.<br><br>Offrant une vue sur le jardin, cet appartement comprend un balcon, 3 chambres, un salon, une t\u00e9l\u00e9vision \u00e0 \u00e9cran plat, une cuisine \u00e9quip\u00e9e avec un four et un micro-ondes, ainsi qu&rsquo;une salle d&rsquo;eau pourvue d&rsquo;une douche \u00e0 l&rsquo;italienne. Le linge de lit est fourni.(Serviettes de toilette et de piscine ne sont pas fournies). L&rsquo;h\u00e9bergement dispose d&rsquo;une entr\u00e9e priv\u00e9e.<br><br>Vous pourrez pratiquer diverses activit\u00e9s \u00e0 Lambesc et dans les environs, telles que le v\u00e9lo. Le Clos Zinou met \u00e9galement \u00e0 votre disposition des \u00e9quipements de jeux en plein air et un jardin.<\/p>\n<\/blockquote>\n\n\n\n<iframe src=\"https:\/\/www.google.com\/maps\/embed?pb=!1m18!1m12!1m3!1d2888.234492068721!2d5.259826075697949!3d43.622478154418076!2m3!1f0!2f0!3f0!3m2!1i1024!2i768!4f13.1!3m3!1m2!1s0x12c9f704b1759b15%3A0xaa00ecdd6a9ed4ee!2sLe%20Clos%20Zinou!5e0!3m2!1sfr!2sfr!4v1710147128056!5m2!1sfr!2sfr\" width=\"600\" height=\"450\" style=\"border:0;\" allowfullscreen=\"\" loading=\"lazy\" referrerpolicy=\"no-referrer-when-downgrade\"><\/iframe>\n","protected":false},"excerpt":{"rendered":"<p>Situ\u00e9 \u00e0 Lambesc, l&rsquo;\u00e9tablissement Le Clos Zinou propose un h\u00e9bergement avec une grande piscine (0,77m \u00e0 1.95m).&rsquo;Une connexion Wi-Fi et un parking priv\u00e9 gratuits. Offrant une vue sur le jardin, cet appartement comprend un balcon, 3 chambres, un salon, une t\u00e9l\u00e9vision \u00e0 \u00e9cran plat, une cuisine \u00e9quip\u00e9e avec un four et un micro-ondes, ainsi qu&rsquo;une [&hellip;]<\/p>\n","protected":false},"author":1,"featured_media":0,"parent":0,"menu_order":0,"comment_status":"closed","ping_status":"closed","template":"","meta":{"footnotes":""},"class_list":["post-2","page","type-page","status-publish","hentry"],"aioseo_notices":[],"_links":{"self":[{"href":"https:\/\/lecloszinou.fr\/index.php\/wp-json\/wp\/v2\/pages\/2","targetHints":{"allow":["GET"]}}],"collection":[{"href":"https:\/\/lecloszinou.fr\/index.php\/wp-json\/wp\/v2\/pages"}],"about":[{"href":"https:\/\/lecloszinou.fr\/index.php\/wp-json\/wp\/v2\/types\/page"}],"author":[{"embeddable":true,"href":"https:\/\/lecloszinou.fr\/index.php\/wp-json\/wp\/v2\/users\/1"}],"replies":[{"embeddable":true,"href":"https:\/\/lecloszinou.fr\/index.php\/wp-json\/wp\/v2\/comments?post=2"}],"version-history":[{"count":12,"href":"https:\/\/lecloszinou.fr\/index.php\/wp-json\/wp\/v2\/pages\/2\/revisions"}],"predecessor-version":[{"id":515,"href":"https:\/\/lecloszinou.fr\/index.php\/wp-json\/wp\/v2\/pages\/2\/revisions\/515"}],"wp:attachment":[{"href":"https:\/\/lecloszinou.fr\/index.php\/wp-json\/wp\/v2\/media?parent=2"}],"curies":[{"name":"wp","href":"https:\/\/api.w.org\/{rel}","templated":true}]}}